

{"id":12,"date":"2012-01-10T19:48:07","date_gmt":"2012-01-10T19:48:07","guid":{"rendered":"http:\/\/sedliste.knihovna.info\/?page_id=12"},"modified":"2013-03-01T13:39:50","modified_gmt":"2013-03-01T13:39:50","slug":"cenik","status":"publish","type":"page","link":"https:\/\/sedliste.knihovna.info\/?page_id=12","title":{"rendered":"Cen\u00edk"},"content":{"rendered":"<p>S \u00fa\u010dinnost\u00ed od 1.10.2007 stanovuji v\u00fd\u0161i poplatk\u016f, kter\u00e9 nejsou m\u00edstn\u00edmi a spr\u00e1vn\u00edmi poplatky, n\u00e1sledovn\u011b:<\/p>\n<p style=\"text-align: center;\"><strong>K N I H O V N A<\/strong><\/p>\n<p>Ro\u010dn\u00ed registra\u010dn\u00ed poplatek:<br \/>\ndosp\u011bl\u00ed\u00a0\u00a0\u00a0\u00a0\u00a0\u00a0\u00a0\u00a0\u00a0\u00a0\u00a0\u00a0\u00a0\u00a0\u00a0\u00a0\u00a0\u00a0\u00a0\u00a0\u00a0\u00a0\u00a0\u00a0\u00a0\u00a0\u00a0\u00a0\u00a0\u00a0\u00a0\u00a0\u00a0\u00a0\u00a0\u00a0\u00a0\u00a0\u00a0\u00a0\u00a0\u00a0\u00a0\u00a0\u00a0\u00a0\u00a0\u00a0\u00a0\u00a0\u00a0\u00a0\u00a0\u00a0\u00a0\u00a0\u00a0\u00a0\u00a0\u00a0\u00a0\u00a0\u00a0\u00a0\u00a0\u00a0\u00a0\u00a0\u00a0\u00a0\u00a0\u00a0\u00a0\u00a0\u00a0\u00a0\u00a0\u00a0\u00a0\u00a0\u00a0\u00a0 50,- K\u010d<br \/>\nd\u011bti do 15 let\u00a0\u00a0\u00a0\u00a0\u00a0\u00a0\u00a0\u00a0\u00a0\u00a0\u00a0\u00a0\u00a0\u00a0\u00a0\u00a0\u00a0\u00a0\u00a0\u00a0\u00a0\u00a0\u00a0\u00a0\u00a0\u00a0\u00a0\u00a0\u00a0\u00a0\u00a0\u00a0\u00a0\u00a0\u00a0\u00a0\u00a0\u00a0\u00a0\u00a0\u00a0\u00a0\u00a0\u00a0\u00a0\u00a0\u00a0\u00a0\u00a0\u00a0\u00a0\u00a0\u00a0\u00a0\u00a0\u00a0\u00a0\u00a0\u00a0\u00a0\u00a0\u00a0\u00a0\u00a0\u00a0\u00a0\u00a0\u00a0\u00a0\u00a0\u00a0\u00a0\u00a0 30,- K\u010d<\/p>\n<p>Ztr\u00e1ta \u010dten\u00e1\u0159sk\u00e9ho pr\u016fkazu \u00a0 \u00a0 \u00a0 \u00a0 \u00a0 \u00a0 \u00a0 \u00a0 \u00a0 \u00a0 \u00a0 \u00a0 \u00a0 \u00a0 \u00a0 \u00a0 \u00a0 \u00a0 \u00a0 \u00a0 \u00a0 \u00a0 \u00a0 \u00a0 \u00a020,- K\u010d<\/p>\n<p>P\u0159ekro\u010den\u00ed m\u011bs\u00ed\u010dn\u00ed v\u00fdp\u016fj\u010dn\u00ed lh\u016fty:<br \/>\nbez p\u00edsemn\u00e9ho upozorn\u011bn\u00ed \u00a0 \u00a0 \u00a0 \u00a0 \u00a0 \u00a0 \u00a0 \u00a0 \u00a0 \u00a0 \u00a0 \u00a0 \u00a0 \u00a0 \u00a0 \u00a0 \u00a0 \u00a0 \u00a0 \u00a0 \u00a0 \u00a0 \u00a0 \u00a0 \u00a0 \u00a02,- K\u010d<br \/>\nza p\u00edsemn\u00e9 upozorn\u011bn\u00ed v\u017edy po 2 t\u00fddnech<br \/>\nI. upom\u00ednka \u00a0 \u00a0 \u00a0 \u00a0 \u00a0 \u00a0 \u00a0 \u00a0 \u00a0 \u00a0 \u00a0 \u00a0 \u00a0 \u00a0 \u00a0 \u00a0 \u00a0 \u00a0 \u00a0 \u00a0 \u00a0 \u00a0 \u00a0 \u00a0 \u00a0 \u00a0 \u00a0 \u00a0 \u00a0 \u00a0 \u00a0 \u00a0 \u00a0 \u00a0 \u00a0 \u00a0 \u00a0 \u00a015,- K\u010d<br \/>\nII.upom\u00ednka \u00a0 \u00a0 \u00a0 \u00a0 \u00a0 \u00a0 \u00a0 \u00a0 \u00a0 \u00a0 \u00a0 \u00a0 \u00a0 \u00a0 \u00a0 \u00a0 \u00a0 \u00a0 \u00a0 \u00a0 \u00a0 \u00a0 \u00a0 \u00a0 \u00a0 \u00a0 \u00a0 \u00a0 \u00a0 \u00a0 \u00a0 \u00a0 \u00a0 \u00a0 \u00a0 \u00a0 \u00a0 \u00a030,- K\u010d<br \/>\ndoporu\u010den\u00fd dopis \u00a0 \u00a0 \u00a0 \u00a0 \u00a0 \u00a0 \u00a0 \u00a0 \u00a0 \u00a0 \u00a0 \u00a0 \u00a0 \u00a0 \u00a0 \u00a0 \u00a0 \u00a0 \u00a0 \u00a0 \u00a0 \u00a0 \u00a0 \u00a0 \u00a0 \u00a0 \u00a0 \u00a0 \u00a0 \u00a0 \u00a0 \u00a0 \u00a040,- K\u010d<\/p>\n<p>P\u00edsemn\u00e9 sd\u011blen\u00ed o rezervov\u00e1n\u00ed knihy \u00a0 \u00a0 \u00a0 \u00a0 \u00a0 \u00a0 \u00a0 \u00a0 \u00a0 \u00a0 \u00a0 \u00a0 \u00a0 \u00a0 \u00a0 \u00a0 \u00a0 \u00a0 8,- K\u010d<\/p>\n<p>Ztr\u00e1ta knihy, dokumentu, \u010dasopisu \u00a0 \u00a0 \u00a0 \u00a0 \u00a0 \u00a0 \u00a0 \u00a0 \u00a0 \u00a0 \u00a0 \u00a0 \u00a0 \u00a0 \u00a0 \u00a0 \u00a0 \u00a0 \u00a0 50,- K\u010d + cena knihy<\/p>\n<p>Zprost\u0159edkov\u00e1n\u00ed meziv\u00fdpuj\u010dn\u00ed slu\u017eby \u00a0 \u00a0 \u00a0 \u00a0 \u00a0 \u00a0 \u00a0 \u00a0 \u00a0 \u00a0 \u00a0 \u00a0 \u00a0 \u00a0 \u00a0 \u00a0 \u00a0 30,- K\u010d<\/p>\n<p>Jednor\u00e1zov\u00e1 v\u00fdp\u016fj\u010dka &#8211; 1 svazek nau\u010dn\u00e9 literatury \u00a0 \u00a0 \u00a0 \u00a0 \u00a0 \u00a0 20,- K\u010d<\/p>\n<p>Provoz knihovny se \u0159\u00edd\u00ed v\u00fdp\u016fj\u010dn\u00edm \u0159\u00e1dem, kter\u00fd je k dispozici v knihovn\u011b.<\/p>\n<p>&nbsp;<\/p>\n<p style=\"text-align: center;\"><strong>I N T E R N E T<\/strong><\/p>\n<p>Pro zaregistrovan\u00e9 \u010dten\u00e1\u0159e \u00a0 \u00a0 \u00a0 \u00a0 \u00a0 \u00a0 \u00a0 \u00a0 \u00a0 \u00a0 \u00a0 \u00a0 \u00a0 \u00a0 \u00a0 \u00a0 \u00a0 \u00a0 \u00a0 \u00a0 \u00a0 \u00a0 \u00a0 \u00a0 \u00a0 ZDARMA<\/p>\n<p>Pro nezam\u011bstnan\u00e9 \u00a0 \u00a0 \u00a0 \u00a0 \u00a0 \u00a0 \u00a0 \u00a0 \u00a0 \u00a0 \u00a0 \u00a0 \u00a0 \u00a0 \u00a0 \u00a0 \u00a0 \u00a0 \u00a0 \u00a0 \u00a0 \u00a0 \u00a0 \u00a0 \u00a0 \u00a0 \u00a0 \u00a0 \u00a0 \u00a0 \u00a0 \u00a0ZDARMA \/ 1 hodina t\u00fddn\u011b<\/p>\n<p>Pro nezaregistrovan\u00e9 \u010dten\u00e1\u0159e nad 15 let \u00a0 \u00a0 \u00a0 \u00a0 \u00a0 \u00a0 \u00a0 \u00a0 \u00a0 \u00a0 \u00a0 \u00a0 \u00a0 \u00a0 \u00a020,-\/ hod.<\/p>\n<p>Provoz pr\u00e1ce s internetem se \u0159\u00edd\u00ed provozn\u00edm \u0159\u00e1dem, kter\u00fd je k dispozici v knihovn\u011b.<\/p>\n<p>TISK \u010dernob\u00edle \u00a0 \u00a0 \u00a0 \u00a0 \u00a0 \u00a0 \u00a0 \u00a0 \u00a0 \u00a0 \u00a0 \u00a0 \u00a0 \u00a0 \u00a0 \u00a0 \u00a0 \u00a0 \u00a0 \u00a0 \u00a0 \u00a0 \u00a0 \u00a0 \u00a0 \u00a0 \u00a0 \u00a0 \u00a0 \u00a0 \u00a0 \u00a0 \u00a0 \u00a0 \u00a0 \u00a0 2,- K\u010d \/ 1 strana A4<\/p>\n<p>&nbsp;<\/p>\n<p>Platnost cen\u00edku slu\u017eeb a poplatk\u016f:\u00a0 od 1.10.2007<\/p>\n<p>&nbsp;<\/p>\n<p>&nbsp;<\/p>\n<p>&nbsp;<\/p>\n","protected":false},"excerpt":{"rendered":"<p>S \u00fa\u010dinnost\u00ed od 1.10.2007 stanovuji v\u00fd\u0161i poplatk\u016f, kter\u00e9 nejsou m\u00edstn\u00edmi a spr\u00e1vn\u00edmi poplatky, n\u00e1sledovn\u011b: K N I H O V N A Ro\u010dn\u00ed registra\u010dn\u00ed poplatek: dosp\u011bl\u00ed\u00a0\u00a0\u00a0\u00a0\u00a0\u00a0\u00a0\u00a0\u00a0\u00a0\u00a0\u00a0\u00a0\u00a0\u00a0\u00a0\u00a0\u00a0\u00a0\u00a0\u00a0\u00a0\u00a0\u00a0\u00a0\u00a0\u00a0\u00a0\u00a0\u00a0\u00a0\u00a0\u00a0\u00a0\u00a0\u00a0\u00a0\u00a0\u00a0\u00a0\u00a0\u00a0\u00a0\u00a0\u00a0\u00a0\u00a0\u00a0\u00a0\u00a0\u00a0\u00a0\u00a0\u00a0\u00a0\u00a0\u00a0\u00a0\u00a0\u00a0\u00a0\u00a0\u00a0\u00a0\u00a0\u00a0\u00a0\u00a0\u00a0\u00a0\u00a0\u00a0\u00a0\u00a0\u00a0\u00a0\u00a0\u00a0\u00a0\u00a0\u00a0\u00a0 50,- K\u010d d\u011bti do 15 let\u00a0\u00a0\u00a0\u00a0\u00a0\u00a0\u00a0\u00a0\u00a0\u00a0\u00a0\u00a0\u00a0\u00a0\u00a0\u00a0\u00a0\u00a0\u00a0\u00a0\u00a0\u00a0\u00a0\u00a0\u00a0\u00a0\u00a0\u00a0\u00a0\u00a0\u00a0\u00a0\u00a0\u00a0\u00a0\u00a0\u00a0\u00a0\u00a0\u00a0\u00a0\u00a0\u00a0\u00a0\u00a0\u00a0\u00a0\u00a0\u00a0\u00a0\u00a0\u00a0\u00a0\u00a0\u00a0\u00a0\u00a0\u00a0\u00a0\u00a0\u00a0\u00a0\u00a0\u00a0\u00a0\u00a0\u00a0\u00a0\u00a0\u00a0\u00a0\u00a0\u00a0 30,- K\u010d Ztr\u00e1ta \u010dten\u00e1\u0159sk\u00e9ho pr\u016fkazu \u00a0 \u00a0 \u00a0 &hellip; <a href=\"https:\/\/sedliste.knihovna.info\/?page_id=12\">Cel\u00fd p\u0159\u00edsp\u011bvek <span class=\"meta-nav\">&rarr;<\/span><\/a><\/p>\n","protected":false},"author":1,"featured_media":0,"parent":0,"menu_order":0,"comment_status":"closed","ping_status":"closed","template":"","meta":{"ngg_post_thumbnail":0,"footnotes":""},"class_list":["post-12","page","type-page","status-publish","hentry"],"_links":{"self":[{"href":"https:\/\/sedliste.knihovna.info\/index.php?rest_route=\/wp\/v2\/pages\/12","targetHints":{"allow":["GET"]}}],"collection":[{"href":"https:\/\/sedliste.knihovna.info\/index.php?rest_route=\/wp\/v2\/pages"}],"about":[{"href":"https:\/\/sedliste.knihovna.info\/index.php?rest_route=\/wp\/v2\/types\/page"}],"author":[{"embeddable":true,"href":"https:\/\/sedliste.knihovna.info\/index.php?rest_route=\/wp\/v2\/users\/1"}],"replies":[{"embeddable":true,"href":"https:\/\/sedliste.knihovna.info\/index.php?rest_route=%2Fwp%2Fv2%2Fcomments&post=12"}],"version-history":[{"count":11,"href":"https:\/\/sedliste.knihovna.info\/index.php?rest_route=\/wp\/v2\/pages\/12\/revisions"}],"predecessor-version":[{"id":182,"href":"https:\/\/sedliste.knihovna.info\/index.php?rest_route=\/wp\/v2\/pages\/12\/revisions\/182"}],"wp:attachment":[{"href":"https:\/\/sedliste.knihovna.info\/index.php?rest_route=%2Fwp%2Fv2%2Fmedia&parent=12"}],"curies":[{"name":"wp","href":"https:\/\/api.w.org\/{rel}","templated":true}]}}