

{"id":169,"date":"2013-03-01T13:20:01","date_gmt":"2013-03-01T13:20:01","guid":{"rendered":"http:\/\/sedliste.knihovna.info\/?page_id=169"},"modified":"2013-03-01T13:45:25","modified_gmt":"2013-03-01T13:45:25","slug":"pravidla-pristupu-k-siti-internet","status":"publish","type":"page","link":"https:\/\/sedliste.knihovna.info\/?page_id=169","title":{"rendered":"P\u0159\u00edstup k internetu"},"content":{"rendered":"<p style=\"text-align: center;\"><strong>P R A V I D L A \u00a0 P \u0158 \u00cd S T U P U \u00a0 K \u00a0 S \u00cd T I \u00a0 I N T E R N E T<br \/>\n<\/strong><strong>v Obecn\u00ed knihovn\u011b v Sedli\u0161t\u00edch<\/strong><\/p>\n<p style=\"text-align: justify;\">\u00a0P\u0159\u00edstup na internet je umo\u017en\u011bn:<br \/>\n&#8211; u\u017eivatel\u016fm knihovny po p\u0159edlo\u017een\u00ed u\u017eivatelsk\u00e9ho pr\u016fkazu,<br \/>\n&#8211; ostatn\u00edm z\u00e1jemc\u016fm po p\u0159edlo\u017een\u00ed osobn\u00edho dokladu,<br \/>\n&#8211; d\u011btem mlad\u0161\u00edm 15ti let pouze v doprovodu dosp\u011bl\u00fdch.<\/p>\n<p style=\"text-align: justify;\">Pravidla p\u0159\u00edstupu:<br \/>\n&#8211; p\u0159ipojen\u00ed k s\u00edti internetu prov\u00e1d\u00ed pracovn\u00edk knihovny,<br \/>\n&#8211; u\u017eivatel\u00e9 pracuj\u00ed individu\u00e1ln\u011b,<br \/>\n&#8211; v p\u0159\u00edpad\u011b zpoplatn\u011bn\u00ed slu\u017eby se plat\u00ed hodinov\u00e1 sazba za jedno m\u00edsto a jednu stanici, \u00a0 \u00a0 \u00a0 \u00a0 \u00a0 p\u0159i\u010dem\u017e u jedn\u00e9 stanice mohou pracovat maxim\u00e1ln\u011b dva lid\u00e9,<br \/>\n&#8211; nen\u00ed povoleno manipulovat s prost\u0159ed\u00edm Windows, m\u011bnit nastaven\u00ed nebo vymaz\u00e1vat \u00a0 \u00a0 \u00a0 \u00a0 \u00a0 nainstalovan\u00e9 soubory, pop\u0159. instalovat nov\u00e9 softwary,<br \/>\n&#8211; soubory, kter\u00e9 u\u017eivatel ulo\u017eil na pevn\u00fd disk, je povinen odstranit,<br \/>\n&#8211; nen\u00ed povoleno restartovat po\u010d\u00edta\u010de a pou\u017e\u00edvat jak\u00e9koliv jin\u00e9 aplikace bez v\u011bdom\u00ed \u00a0 \u00a0 \u00a0 \u00a0 \u00a0 \u00a0 \u00a0 \u00a0 \u00a0 pracovn\u00edka knihovny,<br \/>\n&#8211; u\u017eivatel m\u016f\u017ee pou\u017e\u00edt z\u00e1znamov\u00e9 medium to je v\u0161ak povinen p\u0159edlo\u017eit ke kontrole \u00a0 \u00a0 \u00a0 \u00a0 \u00a0 \u00a0 \u00a0 antivirov\u00fdm programem,<br \/>\n&#8211; nen\u00ed povoleno rozes\u00edl\u00e1n\u00ed l\u017eiv\u00fdch, hanliv\u00fdch a anonymn\u00edch informac\u00ed,<br \/>\n&#8211; nen\u00ed povolen p\u0159\u00edstup k aplikac\u00edm propaguj\u00edc\u00edm n\u00e1sil\u00ed, rasismus, fa\u0161ismus, pornografii\u2026,<br \/>\n&#8211; u\u017eivatel je povinen respektovat autorskopr\u00e1vn\u00ed ochranu dat,<br \/>\n&#8211; p\u0159i pr\u00e1ci u po\u010d\u00edta\u010de nen\u00ed dovoleno konzumovat potraviny,<br \/>\n&#8211; u\u017eivatel je povinen udr\u017eovat klid a po\u0159\u00e1dek,<br \/>\n&#8211; u\u017eivatel si m\u016f\u017ee rezervovat m\u00edsto u po\u010d\u00edta\u010de, je v\u0161ak povinen dodr\u017eet stanoven\u00fd \u010das, \u00a0 \u00a0 \u00a0 \u00a0 zdr\u017een\u00ed se toleruje maxim\u00e1ln\u011b 5 minut,<br \/>\n&#8211; provozovatel nenese odpov\u011bdnost za obsah soubor\u016f sta\u017een\u00fdch z internetu, zvl\u00e1\u0161t\u011b pak, \u00a0 obsahuj\u00ed-li viry,<br \/>\n&#8211; ceny za p\u0159\u00edstup na internet a pou\u017eit\u00ed v\u00fdpo\u010detn\u00ed techniky jsou stanoveny cen\u00edkem obecn\u00ed \u00a0 \u00a0 \u00a0 knihovny v Sedli\u0161t\u00edch.<\/p>\n<p style=\"text-align: justify;\">\u00a0V\u00a0Sedli\u0161t\u00edch, dne: 1. \u0159\u00edjna 2007<\/p>\n","protected":false},"excerpt":{"rendered":"<p>P R A V I D L A \u00a0 P \u0158 \u00cd S T U P U \u00a0 K \u00a0 S \u00cd T I \u00a0 I N T E R N E T v Obecn\u00ed knihovn\u011b v Sedli\u0161t\u00edch \u00a0P\u0159\u00edstup na &hellip; <a href=\"https:\/\/sedliste.knihovna.info\/?page_id=169\">Cel\u00fd p\u0159\u00edsp\u011bvek <span class=\"meta-nav\">&rarr;<\/span><\/a><\/p>\n","protected":false},"author":1,"featured_media":0,"parent":0,"menu_order":0,"comment_status":"closed","ping_status":"closed","template":"","meta":{"ngg_post_thumbnail":0,"footnotes":""},"class_list":["post-169","page","type-page","status-publish","hentry"],"_links":{"self":[{"href":"https:\/\/sedliste.knihovna.info\/index.php?rest_route=\/wp\/v2\/pages\/169","targetHints":{"allow":["GET"]}}],"collection":[{"href":"https:\/\/sedliste.knihovna.info\/index.php?rest_route=\/wp\/v2\/pages"}],"about":[{"href":"https:\/\/sedliste.knihovna.info\/index.php?rest_route=\/wp\/v2\/types\/page"}],"author":[{"embeddable":true,"href":"https:\/\/sedliste.knihovna.info\/index.php?rest_route=\/wp\/v2\/users\/1"}],"replies":[{"embeddable":true,"href":"https:\/\/sedliste.knihovna.info\/index.php?rest_route=%2Fwp%2Fv2%2Fcomments&post=169"}],"version-history":[{"count":4,"href":"https:\/\/sedliste.knihovna.info\/index.php?rest_route=\/wp\/v2\/pages\/169\/revisions"}],"predecessor-version":[{"id":184,"href":"https:\/\/sedliste.knihovna.info\/index.php?rest_route=\/wp\/v2\/pages\/169\/revisions\/184"}],"wp:attachment":[{"href":"https:\/\/sedliste.knihovna.info\/index.php?rest_route=%2Fwp%2Fv2%2Fmedia&parent=169"}],"curies":[{"name":"wp","href":"https:\/\/api.w.org\/{rel}","templated":true}]}}