

{"id":37,"date":"2012-01-10T21:28:56","date_gmt":"2012-01-10T21:28:56","guid":{"rendered":"http:\/\/sedliste.knihovna.info\/?page_id=37"},"modified":"2012-01-10T21:28:56","modified_gmt":"2012-01-10T21:28:56","slug":"mapa-stranek","status":"publish","type":"page","link":"https:\/\/sedliste.knihovna.info\/?page_id=37","title":{"rendered":"Mapa str\u00e1nek"},"content":{"rendered":"<div id=\"simple-sitemap-container-69f3c048bcc12\" class=\"simple-sitemap-container simple-sitemap-container-69f3c048bcc12 tab-disabled\"><div class=\"simple-sitemap-wrap\"><h3 class=\"post-type\">Str\u00e1nky<\/h3><ul class=\"simple-sitemap-page main\"><li class=\"sitemap-item page_item page-item-12\"><a href=\"https:\/\/sedliste.knihovna.info\/?page_id=12\">Cen\u00edk<\/a><\/li>\n<li class=\"sitemap-item page_item page-item-76\"><a href=\"https:\/\/sedliste.knihovna.info\/?page_id=76\">Fotogalerie<\/a><\/li>\n<li class=\"sitemap-item page_item page-item-16\"><a href=\"https:\/\/sedliste.knihovna.info\/?page_id=16\">Knihovn\u00ed \u0159\u00e1d<\/a><\/li>\n<li class=\"sitemap-item page_item page-item-227\"><a href=\"https:\/\/sedliste.knihovna.info\/?page_id=227\">Kontakty<\/a><\/li>\n<li class=\"sitemap-item page_item page-item-37\"><a href=\"https:\/\/sedliste.knihovna.info\/?page_id=37\">Mapa str\u00e1nek<\/a><\/li>\n<li class=\"sitemap-item page_item page-item-100\"><a href=\"https:\/\/sedliste.knihovna.info\/?page_id=100\">O n\u00e1s<\/a><\/li>\n<li class=\"sitemap-item page_item page-item-93\"><a href=\"https:\/\/sedliste.knihovna.info\/?page_id=93\">Online katalog<\/a><\/li>\n<li class=\"sitemap-item page_item page-item-210\"><a href=\"https:\/\/sedliste.knihovna.info\/?page_id=210\">Povinn\u00e1 publicita<\/a><\/li>\n<li class=\"sitemap-item page_item page-item-169\"><a href=\"https:\/\/sedliste.knihovna.info\/?page_id=169\">P\u0159\u00edstup k internetu<\/a><\/li>\n<li class=\"sitemap-item page_item page-item-23\"><a href=\"https:\/\/sedliste.knihovna.info\/?page_id=23\">Provozn\u00ed doba<\/a><\/li>\n<li class=\"sitemap-item page_item page-item-64\"><a href=\"https:\/\/sedliste.knihovna.info\/?page_id=64\">\u00davod<\/a><\/li>\n<\/ul><\/div><\/div><br style=\"clear: both;\">\n","protected":false},"excerpt":{"rendered":"","protected":false},"author":1,"featured_media":0,"parent":0,"menu_order":0,"comment_status":"closed","ping_status":"closed","template":"","meta":{"ngg_post_thumbnail":0,"footnotes":""},"class_list":["post-37","page","type-page","status-publish","hentry"],"_links":{"self":[{"href":"https:\/\/sedliste.knihovna.info\/index.php?rest_route=\/wp\/v2\/pages\/37","targetHints":{"allow":["GET"]}}],"collection":[{"href":"https:\/\/sedliste.knihovna.info\/index.php?rest_route=\/wp\/v2\/pages"}],"about":[{"href":"https:\/\/sedliste.knihovna.info\/index.php?rest_route=\/wp\/v2\/types\/page"}],"author":[{"embeddable":true,"href":"https:\/\/sedliste.knihovna.info\/index.php?rest_route=\/wp\/v2\/users\/1"}],"replies":[{"embeddable":true,"href":"https:\/\/sedliste.knihovna.info\/index.php?rest_route=%2Fwp%2Fv2%2Fcomments&post=37"}],"version-history":[{"count":1,"href":"https:\/\/sedliste.knihovna.info\/index.php?rest_route=\/wp\/v2\/pages\/37\/revisions"}],"predecessor-version":[{"id":38,"href":"https:\/\/sedliste.knihovna.info\/index.php?rest_route=\/wp\/v2\/pages\/37\/revisions\/38"}],"wp:attachment":[{"href":"https:\/\/sedliste.knihovna.info\/index.php?rest_route=%2Fwp%2Fv2%2Fmedia&parent=37"}],"curies":[{"name":"wp","href":"https:\/\/api.w.org\/{rel}","templated":true}]}}